{"id":816,"date":"2022-03-08T08:52:40","date_gmt":"2022-03-08T07:52:40","guid":{"rendered":"http:\/\/songesvoyageurs.fr\/?page_id=816"},"modified":"2022-06-13T16:46:32","modified_gmt":"2022-06-13T14:46:32","slug":"vous-avez-un-message","status":"publish","type":"page","link":"https:\/\/songesvoyageurs.fr\/index.php\/songes-en-voyage\/vous-avez-un-message\/","title":{"rendered":"Mots doux"},"content":{"rendered":"\n<p style=\"background-color:#f1f7f9;color:#9aadbf;font-size:25px\" class=\"has-text-color has-background\"><strong>MOT DOUX<\/strong> : <em>petit billet de tendresse \u00e0 recevoir au gr\u00e9 du hasard.<\/em><\/p>\n\n\n\n<p style=\"background-color:#f1f7f9;color:#9aadbf\" class=\"has-text-color has-background\">Dans ta bo\u00eete aux lettres, un matin, un <strong>message<\/strong>.<\/p>\n\n\n\n<figure class=\"wp-block-image\"><img loading=\"lazy\" decoding=\"async\" width=\"1024\" height=\"1024\" src=\"http:\/\/songesvoyageurs.fr\/wp-content\/uploads\/2022\/06\/instasize_220613144356-1024x1024.png\" alt=\"\" class=\"wp-image-1365\" srcset=\"https:\/\/songesvoyageurs.fr\/wp-content\/uploads\/2022\/06\/instasize_220613144356-1024x1024.png 1024w, https:\/\/songesvoyageurs.fr\/wp-content\/uploads\/2022\/06\/instasize_220613144356-150x150.png 150w, https:\/\/songesvoyageurs.fr\/wp-content\/uploads\/2022\/06\/instasize_220613144356-300x300.png 300w, https:\/\/songesvoyageurs.fr\/wp-content\/uploads\/2022\/06\/instasize_220613144356-768x768.png 768w, https:\/\/songesvoyageurs.fr\/wp-content\/uploads\/2022\/06\/instasize_220613144356-600x600.png 600w, https:\/\/songesvoyageurs.fr\/wp-content\/uploads\/2022\/06\/instasize_220613144356-200x200.png 200w, https:\/\/songesvoyageurs.fr\/wp-content\/uploads\/2022\/06\/instasize_220613144356-400x400.png 400w, https:\/\/songesvoyageurs.fr\/wp-content\/uploads\/2022\/06\/instasize_220613144356-940x940.png 940w\" sizes=\"auto, (max-width: 1024px) 100vw, 1024px\" \/><\/figure>\n\n\n\n<p style=\"background-color:#f1f7f9;color:#9aadbf\" class=\"has-text-color has-background\">Une surprise, un <strong>mot doux<\/strong>,  une douceur pour le coeur, une missive ail\u00e9e, d\u00e9pos\u00e9e l\u00e0,  <strong>pour toi<\/strong>. <\/p>\n\n\n\n<p style=\"background-color:#f1f7f9;color:#9aadbf;font-size:26px\" class=\"has-text-color has-background\"><strong>Peut-\u00eatre<\/strong> te demandes- tu&#8230;.<strong>pourquoi <\/strong>? <\/p>\n\n\n\n<p style=\"background-color:#f1f7f9;color:#9aadbf\" class=\"has-text-color has-background\">Je d\u00e9pose au hasard de mes promenades, des messages, des mots tendres, des dessins, des pr\u00e9sents glan\u00e9s dans la nature ou bricol\u00e9s de mes mains, pour la joie simple d&rsquo;offrir, de faire plaisir, de r\u00e9chauffer les coeurs. Cela me fait du bien &#8230;<strong>\u00e0 toi aussi ?<\/strong> <em>Et bien voil\u00e0, c&rsquo;est aussi simple que cela !<\/em><\/p>\n\n\n\n<figure class=\"wp-block-image\"><img loading=\"lazy\" decoding=\"async\" width=\"1024\" height=\"1024\" src=\"http:\/\/songesvoyageurs.fr\/wp-content\/uploads\/2022\/06\/IMG_20220613_164256-1024x1024.jpg\" alt=\"\" class=\"wp-image-1427\" srcset=\"https:\/\/songesvoyageurs.fr\/wp-content\/uploads\/2022\/06\/IMG_20220613_164256-1024x1024.jpg 1024w, https:\/\/songesvoyageurs.fr\/wp-content\/uploads\/2022\/06\/IMG_20220613_164256-150x150.jpg 150w, https:\/\/songesvoyageurs.fr\/wp-content\/uploads\/2022\/06\/IMG_20220613_164256-300x300.jpg 300w, https:\/\/songesvoyageurs.fr\/wp-content\/uploads\/2022\/06\/IMG_20220613_164256-768x768.jpg 768w, https:\/\/songesvoyageurs.fr\/wp-content\/uploads\/2022\/06\/IMG_20220613_164256-600x600.jpg 600w, https:\/\/songesvoyageurs.fr\/wp-content\/uploads\/2022\/06\/IMG_20220613_164256-200x200.jpg 200w, https:\/\/songesvoyageurs.fr\/wp-content\/uploads\/2022\/06\/IMG_20220613_164256-400x400.jpg 400w, https:\/\/songesvoyageurs.fr\/wp-content\/uploads\/2022\/06\/IMG_20220613_164256-940x940.jpg 940w, https:\/\/songesvoyageurs.fr\/wp-content\/uploads\/2022\/06\/IMG_20220613_164256.jpg 1080w\" sizes=\"auto, (max-width: 1024px) 100vw, 1024px\" \/><\/figure>\n","protected":false},"excerpt":{"rendered":"<p>MOT DOUX : petit billet de tendresse \u00e0 recevoir au gr\u00e9 du hasard. Dans ta bo\u00eete aux lettres, un matin, un message. Une surprise, un mot doux, une douceur pour le coeur, une missive ail\u00e9e, d\u00e9pos\u00e9e l\u00e0, pour toi. Peut-\u00eatre te demandes- tu&#8230;.pourquoi ? Je d\u00e9pose au hasard de mes promenades, des messages, des mots&#46;&#46;&#46;<\/p>\n","protected":false},"author":1,"featured_media":0,"parent":264,"menu_order":3,"comment_status":"closed","ping_status":"closed","template":"","meta":{"footnotes":""},"class_list":["post-816","page","type-page","status-publish","hentry"],"_links":{"self":[{"href":"https:\/\/songesvoyageurs.fr\/index.php\/wp-json\/wp\/v2\/pages\/816","targetHints":{"allow":["GET"]}}],"collection":[{"href":"https:\/\/songesvoyageurs.fr\/index.php\/wp-json\/wp\/v2\/pages"}],"about":[{"href":"https:\/\/songesvoyageurs.fr\/index.php\/wp-json\/wp\/v2\/types\/page"}],"author":[{"embeddable":true,"href":"https:\/\/songesvoyageurs.fr\/index.php\/wp-json\/wp\/v2\/users\/1"}],"replies":[{"embeddable":true,"href":"https:\/\/songesvoyageurs.fr\/index.php\/wp-json\/wp\/v2\/comments?post=816"}],"version-history":[{"count":21,"href":"https:\/\/songesvoyageurs.fr\/index.php\/wp-json\/wp\/v2\/pages\/816\/revisions"}],"predecessor-version":[{"id":1428,"href":"https:\/\/songesvoyageurs.fr\/index.php\/wp-json\/wp\/v2\/pages\/816\/revisions\/1428"}],"up":[{"embeddable":true,"href":"https:\/\/songesvoyageurs.fr\/index.php\/wp-json\/wp\/v2\/pages\/264"}],"wp:attachment":[{"href":"https:\/\/songesvoyageurs.fr\/index.php\/wp-json\/wp\/v2\/media?parent=816"}],"curies":[{"name":"wp","href":"https:\/\/api.w.org\/{rel}","templated":true}]}}